{"id":355,"date":"2018-03-25T23:31:22","date_gmt":"2018-03-26T02:31:22","guid":{"rendered":"http:\/\/cultivosdeservicios.agro.uba.ar\/?page_id=355"},"modified":"2018-05-11T16:27:21","modified_gmt":"2018-05-11T19:27:21","slug":"novedades","status":"publish","type":"page","link":"https:\/\/cultivosdeservicios.agro.uba.ar\/?page_id=355","title":{"rendered":"Novedades"},"content":{"rendered":"<div id=\"td_uid_1_69e4df7915b76\" class=\"tdc-row\"><div class=\"vc_row td_uid_1_69e4df7915b80_rand  wpb_row td-pb-row\" ><div class=\"vc_column td_uid_2_69e4df7915ea5_rand  wpb_column vc_column_container tdc-column td-pb-span8\"><div class=\"wpb_wrapper\"><div class=\"td_block_wrap td_block_11 td_uid_3_69e4df791617c_rand td-pb-border-top td_block_template_12 td-column-2\"  data-td-block-uid=\"td_uid_3_69e4df791617c\" ><script>var block_td_uid_3_69e4df791617c = new tdBlock();\nblock_td_uid_3_69e4df791617c.id = \"td_uid_3_69e4df791617c\";\nblock_td_uid_3_69e4df791617c.atts = '{\"category_id\":\"1\",\"button_text\":\"Leer mas\",\"separator\":\"\",\"custom_title\":\"\",\"custom_url\":\"\",\"block_template_id\":\"\",\"m10_tl\":\"\",\"m10_el\":\"\",\"post_ids\":\"\",\"category_ids\":\"\",\"tag_slug\":\"\",\"autors_id\":\"\",\"installed_post_types\":\"\",\"sort\":\"\",\"limit\":\"5\",\"offset\":\"\",\"el_class\":\"\",\"td_ajax_filter_type\":\"\",\"td_ajax_filter_ids\":\"\",\"td_filter_default_txt\":\"All\",\"td_ajax_preloading\":\"\",\"f_header_font_header\":\"\",\"f_header_font_title\":\"Block header\",\"f_header_font_reset\":\"\",\"f_header_font_family\":\"\",\"f_header_font_size\":\"\",\"f_header_font_line_height\":\"\",\"f_header_font_style\":\"\",\"f_header_font_weight\":\"\",\"f_header_font_transform\":\"\",\"f_header_font_spacing\":\"\",\"f_header_\":\"\",\"f_ajax_font_title\":\"Ajax categories\",\"f_ajax_font_reset\":\"\",\"f_ajax_font_family\":\"\",\"f_ajax_font_size\":\"\",\"f_ajax_font_line_height\":\"\",\"f_ajax_font_style\":\"\",\"f_ajax_font_weight\":\"\",\"f_ajax_font_transform\":\"\",\"f_ajax_font_spacing\":\"\",\"f_ajax_\":\"\",\"f_more_font_title\":\"Load more button\",\"f_more_font_reset\":\"\",\"f_more_font_family\":\"\",\"f_more_font_size\":\"\",\"f_more_font_line_height\":\"\",\"f_more_font_style\":\"\",\"f_more_font_weight\":\"\",\"f_more_font_transform\":\"\",\"f_more_font_spacing\":\"\",\"f_more_\":\"\",\"m10f_title_font_header\":\"\",\"m10f_title_font_title\":\"Article title\",\"m10f_title_font_reset\":\"\",\"m10f_title_font_family\":\"\",\"m10f_title_font_size\":\"\",\"m10f_title_font_line_height\":\"\",\"m10f_title_font_style\":\"\",\"m10f_title_font_weight\":\"\",\"m10f_title_font_transform\":\"\",\"m10f_title_font_spacing\":\"\",\"m10f_title_\":\"\",\"m10f_cat_font_title\":\"Article category tag\",\"m10f_cat_font_reset\":\"\",\"m10f_cat_font_family\":\"\",\"m10f_cat_font_size\":\"\",\"m10f_cat_font_line_height\":\"\",\"m10f_cat_font_style\":\"\",\"m10f_cat_font_weight\":\"\",\"m10f_cat_font_transform\":\"\",\"m10f_cat_font_spacing\":\"\",\"m10f_cat_\":\"\",\"m10f_meta_font_title\":\"Article meta info\",\"m10f_meta_font_reset\":\"\",\"m10f_meta_font_family\":\"\",\"m10f_meta_font_size\":\"\",\"m10f_meta_font_line_height\":\"\",\"m10f_meta_font_style\":\"\",\"m10f_meta_font_weight\":\"\",\"m10f_meta_font_transform\":\"\",\"m10f_meta_font_spacing\":\"\",\"m10f_meta_\":\"\",\"m10f_ex_font_title\":\"Article excerpt\",\"m10f_ex_font_reset\":\"\",\"m10f_ex_font_family\":\"\",\"m10f_ex_font_size\":\"\",\"m10f_ex_font_line_height\":\"\",\"m10f_ex_font_style\":\"\",\"m10f_ex_font_weight\":\"\",\"m10f_ex_font_transform\":\"\",\"m10f_ex_font_spacing\":\"\",\"m10f_ex_\":\"\",\"ajax_pagination\":\"\",\"ajax_pagination_infinite_stop\":\"\",\"css\":\"\",\"tdc_css\":\"\",\"td_column_number\":2,\"header_color\":\"\",\"color_preset\":\"\",\"border_top\":\"\",\"class\":\"td_uid_3_69e4df791617c_rand\",\"tdc_css_class\":\"td_uid_3_69e4df791617c_rand\",\"tdc_css_class_style\":\"td_uid_3_69e4df791617c_rand_style\"}';\nblock_td_uid_3_69e4df791617c.td_column_number = \"2\";\nblock_td_uid_3_69e4df791617c.block_type = \"td_block_11\";\nblock_td_uid_3_69e4df791617c.post_count = \"5\";\nblock_td_uid_3_69e4df791617c.found_posts = \"40\";\nblock_td_uid_3_69e4df791617c.header_color = \"\";\nblock_td_uid_3_69e4df791617c.ajax_pagination_infinite_stop = \"\";\nblock_td_uid_3_69e4df791617c.max_num_pages = \"8\";\ntdBlocksArray.push(block_td_uid_3_69e4df791617c);\n<\/script><div class=\"td-block-title-wrap\"><a href=\"https:\/\/cultivosdeservicios.agro.uba.ar\/?cat=1\" class=\"td-pulldown-category\"><span>Leer mas<\/span><i class=\"td-icon-category\"><\/i><\/a><\/div><div id=td_uid_3_69e4df791617c class=\"td_block_inner\">\n\n\t<div class=\"td-block-span12\">\n\n        <div class=\"td_module_10 td_module_wrap td-animation-stack\">\n            <div class=\"td-module-thumb\"><a href=\"https:\/\/cultivosdeservicios.agro.uba.ar\/?p=2821\" rel=\"bookmark\" class=\"td-image-wrap\" title=\"Cultivos de servicios: aportes al sistema y manejo del agua\"><img loading=\"lazy\" decoding=\"async\" width=\"218\" height=\"150\" class=\"entry-thumb\" src=\"https:\/\/cultivosdeservicios.agro.uba.ar\/wp-content\/uploads\/2026\/03\/Captura-de-pantalla-2026-03-31-132825-218x150.png\" srcset=\"https:\/\/cultivosdeservicios.agro.uba.ar\/wp-content\/uploads\/2026\/03\/Captura-de-pantalla-2026-03-31-132825-218x150.png 218w, https:\/\/cultivosdeservicios.agro.uba.ar\/wp-content\/uploads\/2026\/03\/Captura-de-pantalla-2026-03-31-132825-100x70.png 100w\" sizes=\"auto, (max-width: 218px) 100vw, 218px\" alt=\"\" title=\"Cultivos de servicios: aportes al sistema y manejo del agua\"\/><\/a><\/div>\n            <div class=\"item-details\">\n            <h3 class=\"entry-title td-module-title\"><a href=\"https:\/\/cultivosdeservicios.agro.uba.ar\/?p=2821\" rel=\"bookmark\" title=\"Cultivos de servicios: aportes al sistema y manejo del agua\">Cultivos de servicios: aportes al sistema y manejo del agua<\/a><\/h3>\n                <div class=\"td-module-meta-info\">\n                                            <span class=\"td-post-author-name\"><a href=\"https:\/\/cultivosdeservicios.agro.uba.ar\/?author=1\">Cultivos de Servicios<\/a> <span>-<\/span> <\/span>                        <span class=\"td-post-date\"><time class=\"entry-date updated td-module-date\" datetime=\"2026-03-31T13:35:14+00:00\" >31 marzo, 2026<\/time><\/span>                                        <\/div>\n\n                <div class=\"td-excerpt\">\n                    \nEn el canal de Aapresid se presenta una entrevista a las doctoras Paula Berenstecher y Viviana Bondaruk sobre la relevancia de los...                <\/div>\n            <\/div>\n\n        <\/div>\n\n        \n\t<\/div> <!-- .\/td-block-span12 -->\n\n\t<div class=\"td-block-span12\">\n\n        <div class=\"td_module_10 td_module_wrap td-animation-stack\">\n            <div class=\"td-module-thumb\"><a href=\"https:\/\/cultivosdeservicios.agro.uba.ar\/?p=2812\" rel=\"bookmark\" class=\"td-image-wrap\" title=\"Sistemas integrados agr\u00edcola-ganaderos de alta performance\"><img loading=\"lazy\" decoding=\"async\" width=\"218\" height=\"150\" class=\"entry-thumb\" src=\"https:\/\/cultivosdeservicios.agro.uba.ar\/wp-content\/uploads\/2026\/03\/Captura-de-pantalla-2026-03-19-125115-1-218x150.png\" srcset=\"https:\/\/cultivosdeservicios.agro.uba.ar\/wp-content\/uploads\/2026\/03\/Captura-de-pantalla-2026-03-19-125115-1-218x150.png 218w, https:\/\/cultivosdeservicios.agro.uba.ar\/wp-content\/uploads\/2026\/03\/Captura-de-pantalla-2026-03-19-125115-1-100x70.png 100w\" sizes=\"auto, (max-width: 218px) 100vw, 218px\" alt=\"\" title=\"Sistemas integrados agr\u00edcola-ganaderos de alta performance\"\/><\/a><\/div>\n            <div class=\"item-details\">\n            <h3 class=\"entry-title td-module-title\"><a href=\"https:\/\/cultivosdeservicios.agro.uba.ar\/?p=2812\" rel=\"bookmark\" title=\"Sistemas integrados agr\u00edcola-ganaderos de alta performance\">Sistemas integrados agr\u00edcola-ganaderos de alta performance<\/a><\/h3>\n                <div class=\"td-module-meta-info\">\n                                            <span class=\"td-post-author-name\"><a href=\"https:\/\/cultivosdeservicios.agro.uba.ar\/?author=1\">Cultivos de Servicios<\/a> <span>-<\/span> <\/span>                        <span class=\"td-post-date\"><time class=\"entry-date updated td-module-date\" datetime=\"2026-03-19T12:48:40+00:00\" >19 marzo, 2026<\/time><\/span>                                        <\/div>\n\n                <div class=\"td-excerpt\">\n                    \nEn esta charla, el Dr. Ing. Agr. Gervasio Pi\u00f1eiro (FAUBA\u2013CONICET) propone repensar los modelos productivos actuales a partir de un enfoque basado...                <\/div>\n            <\/div>\n\n        <\/div>\n\n        \n\t<\/div> <!-- .\/td-block-span12 -->\n\n\t<div class=\"td-block-span12\">\n\n        <div class=\"td_module_10 td_module_wrap td-animation-stack\">\n            <div class=\"td-module-thumb\"><a href=\"https:\/\/cultivosdeservicios.agro.uba.ar\/?p=2737\" rel=\"bookmark\" class=\"td-image-wrap\" title=\"Cultivos de servicio: entre la gesti\u00f3n del agua y la creciente adopci\u00f3n en Argentina\"><img loading=\"lazy\" decoding=\"async\" width=\"218\" height=\"150\" class=\"entry-thumb\" src=\"https:\/\/cultivosdeservicios.agro.uba.ar\/wp-content\/uploads\/2025\/09\/Captura-218x150.png\" srcset=\"https:\/\/cultivosdeservicios.agro.uba.ar\/wp-content\/uploads\/2025\/09\/Captura-218x150.png 218w, https:\/\/cultivosdeservicios.agro.uba.ar\/wp-content\/uploads\/2025\/09\/Captura-100x70.png 100w\" sizes=\"auto, (max-width: 218px) 100vw, 218px\" alt=\"\" title=\"Cultivos de servicio: entre la gesti\u00f3n del agua y la creciente adopci\u00f3n en Argentina\"\/><\/a><\/div>\n            <div class=\"item-details\">\n            <h3 class=\"entry-title td-module-title\"><a href=\"https:\/\/cultivosdeservicios.agro.uba.ar\/?p=2737\" rel=\"bookmark\" title=\"Cultivos de servicio: entre la gesti\u00f3n del agua y la creciente adopci\u00f3n en Argentina\">Cultivos de servicio: entre la gesti\u00f3n del agua y la creciente adopci\u00f3n en Argentina<\/a><\/h3>\n                <div class=\"td-module-meta-info\">\n                                            <span class=\"td-post-author-name\"><a href=\"https:\/\/cultivosdeservicios.agro.uba.ar\/?author=1\">Cultivos de Servicios<\/a> <span>-<\/span> <\/span>                        <span class=\"td-post-date\"><time class=\"entry-date updated td-module-date\" datetime=\"2025-09-01T11:49:18+00:00\" >1 septiembre, 2025<\/time><\/span>                                        <\/div>\n\n                <div class=\"td-excerpt\">\n                    \nLa Red de Cultivos de Servicio, impulsada por FAUBA y Aapresid, muestra c\u00f3mo el manejo del agua y la diversidad de especies...                <\/div>\n            <\/div>\n\n        <\/div>\n\n        \n\t<\/div> <!-- .\/td-block-span12 -->\n\n\t<div class=\"td-block-span12\">\n\n        <div class=\"td_module_10 td_module_wrap td-animation-stack\">\n            <div class=\"td-module-thumb\"><a href=\"https:\/\/cultivosdeservicios.agro.uba.ar\/?p=2733\" rel=\"bookmark\" class=\"td-image-wrap\" title=\"Cultivos de servicio: avances, desaf\u00edos y el rol clave de la siembra a\u00e9rea en su expansi\u00f3n\"><img loading=\"lazy\" decoding=\"async\" width=\"218\" height=\"150\" class=\"entry-thumb\" src=\"https:\/\/cultivosdeservicios.agro.uba.ar\/wp-content\/uploads\/2025\/08\/Captura-218x150.png\" srcset=\"https:\/\/cultivosdeservicios.agro.uba.ar\/wp-content\/uploads\/2025\/08\/Captura-218x150.png 218w, https:\/\/cultivosdeservicios.agro.uba.ar\/wp-content\/uploads\/2025\/08\/Captura-100x70.png 100w\" sizes=\"auto, (max-width: 218px) 100vw, 218px\" alt=\"\" title=\"Cultivos de servicio: avances, desaf\u00edos y el rol clave de la siembra a\u00e9rea en su expansi\u00f3n\"\/><\/a><\/div>\n            <div class=\"item-details\">\n            <h3 class=\"entry-title td-module-title\"><a href=\"https:\/\/cultivosdeservicios.agro.uba.ar\/?p=2733\" rel=\"bookmark\" title=\"Cultivos de servicio: avances, desaf\u00edos y el rol clave de la siembra a\u00e9rea en su expansi\u00f3n\">Cultivos de servicio: avances, desaf\u00edos y el rol clave de la siembra a\u00e9rea en...<\/a><\/h3>\n                <div class=\"td-module-meta-info\">\n                                            <span class=\"td-post-author-name\"><a href=\"https:\/\/cultivosdeservicios.agro.uba.ar\/?author=1\">Cultivos de Servicios<\/a> <span>-<\/span> <\/span>                        <span class=\"td-post-date\"><time class=\"entry-date updated td-module-date\" datetime=\"2025-08-13T10:23:11+00:00\" >13 agosto, 2025<\/time><\/span>                                        <\/div>\n\n                <div class=\"td-excerpt\">\n                    \nLa campa\u00f1a 2024\/25 mostr\u00f3 que los cultivos de servicio, con un manejo adecuado, pueden igualar el consumo de agua del barbecho y...                <\/div>\n            <\/div>\n\n        <\/div>\n\n        \n\t<\/div> <!-- .\/td-block-span12 -->\n\n\t<div class=\"td-block-span12\">\n\n        <div class=\"td_module_10 td_module_wrap td-animation-stack\">\n            <div class=\"td-module-thumb\"><a href=\"https:\/\/cultivosdeservicios.agro.uba.ar\/?p=2726\" rel=\"bookmark\" class=\"td-image-wrap\" title=\"El Congreso Aapresid 2025 reunir\u00e1 a referentes globales y nacionales para anticipar el futuro del agro\"><img loading=\"lazy\" decoding=\"async\" width=\"218\" height=\"150\" class=\"entry-thumb\" src=\"https:\/\/cultivosdeservicios.agro.uba.ar\/wp-content\/uploads\/2025\/08\/otra-de-gerva-218x150.png\" srcset=\"https:\/\/cultivosdeservicios.agro.uba.ar\/wp-content\/uploads\/2025\/08\/otra-de-gerva-218x150.png 218w, https:\/\/cultivosdeservicios.agro.uba.ar\/wp-content\/uploads\/2025\/08\/otra-de-gerva-100x70.png 100w\" sizes=\"auto, (max-width: 218px) 100vw, 218px\" alt=\"\" title=\"El Congreso Aapresid 2025 reunir\u00e1 a referentes globales y nacionales para anticipar el futuro del agro\"\/><\/a><\/div>\n            <div class=\"item-details\">\n            <h3 class=\"entry-title td-module-title\"><a href=\"https:\/\/cultivosdeservicios.agro.uba.ar\/?p=2726\" rel=\"bookmark\" title=\"El Congreso Aapresid 2025 reunir\u00e1 a referentes globales y nacionales para anticipar el futuro del agro\">El Congreso Aapresid 2025 reunir\u00e1 a referentes globales y nacionales para anticipar el futuro...<\/a><\/h3>\n                <div class=\"td-module-meta-info\">\n                                            <span class=\"td-post-author-name\"><a href=\"https:\/\/cultivosdeservicios.agro.uba.ar\/?author=1\">Cultivos de Servicios<\/a> <span>-<\/span> <\/span>                        <span class=\"td-post-date\"><time class=\"entry-date updated td-module-date\" datetime=\"2025-08-11T11:08:05+00:00\" >11 agosto, 2025<\/time><\/span>                                        <\/div>\n\n                <div class=\"td-excerpt\">\n                    \nEntre ellos, el especialista Gervasio Pi\u00f1eiro, investigador del CONICET y profesor de la FAUBA, presento acerca de los avances de la Red...                <\/div>\n            <\/div>\n\n        <\/div>\n\n        \n\t<\/div> <!-- .\/td-block-span12 --><\/div><\/div> <!-- .\/block --><\/div><\/div><div class=\"vc_column td_uid_4_69e4df791dda9_rand  wpb_column vc_column_container tdc-column td-pb-span4\"><div class=\"wpb_wrapper\"><div class=\"wpb_wrapper td_block_wrap vc_widget_sidebar td_uid_5_69e4df791deda_rand \" ><aside class=\"td_block_template_12 widget widget_ai1ec_agenda_widget\">\n\n\t<h4 class=\"td-block-title\"><span>Pr\u00f3ximos eventos<\/span><\/h4>\n\n<style>\n<!--\n\n-->\n<\/style>\n<div class=\"timely ai1ec-agenda-widget-view ai1ec-clearfix\">\n\n\t\t\t<p class=\"ai1ec-no-results\">\n\t\t\tThere are no upcoming events.\n\t\t<\/p>\n\t \n\t\t\t<div class=\"ai1ec-subscribe-buttons-widget\">\n\t\t\t\t\t\t\t<a class=\"ai1ec-btn ai1ec-btn-default ai1ec-btn-xs ai1ec-pull-right\n\t\t\t\t\tai1ec-calendar-link\"\n\t\t\t\t\thref=\"https&#x3A;&#x2F;&#x2F;cultivosdeservicios.agro.uba.ar&#x2F;&#x3F;page_id&#x3D;357&amp;ai1ec&#x3D;\">\n\t\t\t\t\tView Calendar\n\t\t\t\t\t<i class=\"ai1ec-fa ai1ec-fa-arrow-right\"><\/i>\n\t\t\t\t<\/a>\n\t\t\t\n\t\t\t\t\t\t\t<div class=\"ai1ec-subscribe-dropdown ai1ec-dropdown ai1ec-btn\n\tai1ec-btn-default ai1ec-btn-xs\">\n\t<span role=\"button\" class=\"ai1ec-dropdown-toggle ai1ec-subscribe\"\n\t\t\tdata-toggle=\"ai1ec-dropdown\">\n\t\t<i class=\"ai1ec-fa ai1ec-icon-rss ai1ec-fa-lg ai1ec-fa-fw\"><\/i>\n\t\t<span class=\"ai1ec-hidden-xs\">\n\t\t\t\t\t\t\tAdd\n\t\t\t\t\t\t<span class=\"ai1ec-caret\"><\/span>\n\t\t<\/span>\n\t<\/span>\n\t\t\t<ul class=\"ai1ec-dropdown-menu ai1ec-pull-left\" role=\"menu\">\n\t\t<li>\n\t\t\t<a class=\"ai1ec-tooltip-trigger ai1ec-tooltip-auto\" target=\"_blank\"\n\t\t\t\tdata-placement=\"right\" title=\"Copy this URL for your own Timely calendar or click to add to your rich-text calendar\"\n\t\t\t\thref=\"http&#x3A;&#x2F;&#x2F;cultivosdeservicios.agro.uba.ar&#x2F;&#x3F;plugin&#x3D;all-in-one-event-calendar&amp;controller&#x3D;ai1ec_exporter_controller&amp;action&#x3D;export_events\">\n\t\t\t\t<i class=\"ai1ec-fa ai1ec-fa-lg ai1ec-fa-fw ai1ec-icon-timely\"><\/i>\n\t\t\t\tAdd to Timely Calendar\n\t\t\t<\/a>\n\t\t<\/li>\n\t\t<li>\n\t\t\t<a class=\"ai1ec-tooltip-trigger ai1ec-tooltip-auto\" target=\"_blank\"\n\t\t\t  data-placement=\"right\" title=\"Subscribe to this calendar in your Google Calendar\"\n\t\t\t  href=\"https:\/\/www.google.com\/calendar\/render?cid=http&#x25;3A&#x25;2F&#x25;2Fcultivosdeservicios.agro.uba.ar&#x25;2F&#x25;3Fplugin&#x25;3Dall-in-one-event-calendar&#x25;26controller&#x25;3Dai1ec_exporter_controller&#x25;26action&#x25;3Dexport_events&#x25;26no_html&#x25;3Dtrue&#x25;26&#x25;26\">\n\t\t\t\t<i class=\"ai1ec-fa ai1ec-icon-google ai1ec-fa-lg ai1ec-fa-fw\"><\/i>\n\t\t\t\tAdd to Google\n\t\t\t<\/a>\n\t\t<\/li>\n\t\t<li>\n\t\t\t<a class=\"ai1ec-tooltip-trigger ai1ec-tooltip-auto\" target=\"_blank\"\n\t\t\t  data-placement=\"right\" title=\"Subscribe to this calendar in MS Outlook\"\n\t\t\t  href=\"webcal&#x3A;&#x2F;&#x2F;cultivosdeservicios.agro.uba.ar&#x2F;&#x3F;plugin&#x3D;all-in-one-event-calendar&amp;controller&#x3D;ai1ec_exporter_controller&amp;action&#x3D;export_events&amp;no_html&#x3D;true\">\n\t\t\t\t<i class=\"ai1ec-fa ai1ec-icon-windows ai1ec-fa-lg ai1ec-fa-fw\"><\/i>\n\t\t\t\tAdd to Outlook\n\t\t\t<\/a>\n\t\t<\/li>\n\t\t<li>\n\t\t\t<a class=\"ai1ec-tooltip-trigger ai1ec-tooltip-auto\" target=\"_blank\"\n\t\t\t  data-placement=\"right\" title=\"Subscribe to this calendar in Apple Calendar\/iCal\"\n\t\t\t  href=\"webcal&#x3A;&#x2F;&#x2F;cultivosdeservicios.agro.uba.ar&#x2F;&#x3F;plugin&#x3D;all-in-one-event-calendar&amp;controller&#x3D;ai1ec_exporter_controller&amp;action&#x3D;export_events&amp;no_html&#x3D;true\">\n\t\t\t\t<i class=\"ai1ec-fa ai1ec-icon-apple ai1ec-fa-lg ai1ec-fa-fw\"><\/i>\n\t\t\t\tAdd to Apple Calendar\n\t\t\t<\/a>\n\t\t<\/li>\n\t\t<li>\n\t\t\t\t\t\t<a class=\"ai1ec-tooltip-trigger ai1ec-tooltip-auto\"\n\t\t\t  data-placement=\"right\" title=\"Subscribe to this calendar in another plain-text calendar\"\n\t\t\t  href=\"http&#x3A;&#x2F;&#x2F;cultivosdeservicios.agro.uba.ar&#x2F;&#x3F;plugin&#x3D;all-in-one-event-calendar&amp;controller&#x3D;ai1ec_exporter_controller&amp;action&#x3D;export_events&amp;no_html&#x3D;true\">\n\t\t\t\t<i class=\"ai1ec-fa ai1ec-icon-calendar ai1ec-fa-fw\"><\/i>\n\t\t\t\tAdd to other calendar\n\t\t\t<\/a>\n\t\t<\/li>\n\t\t<li>\n\t\t\t<a class=\"ai1ec-tooltip-trigger ai1ec-tooltip-auto\"\n\t\t\t  data-placement=\"right\" title=\"\"\n\t\t\t  href=\"http&#x3A;&#x2F;&#x2F;cultivosdeservicios.agro.uba.ar&#x2F;&#x3F;plugin&#x3D;all-in-one-event-calendar&amp;controller&#x3D;ai1ec_exporter_controller&amp;action&#x3D;export_events&xml=true\">\n\t\t\t\t<i class=\"ai1ec-fa ai1ec-fa-file-text ai1ec-fa-lg ai1ec-fa-fw\"><\/i>\n\t\t\t\tExport to XML\n\t\t\t<\/a>\n\t\t<\/li>\n\t<\/ul>\n<\/div>\n\n\t\t\t\t\t<\/div>\n\t \n<\/div>\n\n\n\n<\/aside><\/div><div class=\"wpb_wrapper td_block_wrap vc_widget_sidebar td_uid_6_69e4df792e575_rand \" ><\/div><\/div><\/div><\/div><\/div>\n\t\t<script>\n\n\t\t\tjQuery(window).load(function () {\n\t\t\t\tjQuery('body').find('#td_uid_1_69e4df7915b76 .td-element-style').each(function (index, element) {\n\t\t\t\t\tjQuery(element).css('opacity', 1);\n\t\t\t\t\treturn;\n\t\t\t\t});\n\t\t\t});\n\n\t\t<\/script>\n\n\t\t\n\t\t\t<script>\n\n\t\t\t\tjQuery(window).ready(function () {\n\n\t\t\t\t\t\/\/ We need timeout because the content must be rendered and interpreted on client\n\t\t\t\t\tsetTimeout(function () {\n\n\t\t\t\t\t\tvar $content = jQuery('body').find('#tdc-live-iframe'),\n\t\t\t\t\t\t\trefWindow = undefined;\n\n\t\t\t\t\t\tif ($content.length) {\n\t\t\t\t\t\t\t$content = $content.contents();\n\t\t\t\t\t\t\trefWindow = document.getElementById('tdc-live-iframe').contentWindow || document.getElementById('tdc-live-iframe').contentDocument;\n\n\t\t\t\t\t\t} else {\n\t\t\t\t\t\t\t$content = jQuery('body');\n\t\t\t\t\t\t\trefWindow = window;\n\t\t\t\t\t\t}\n\n\t\t\t\t\t\t$content.find('#td_uid_1_69e4df7915b76 .td-element-style').each(function (index, element) {\n\t\t\t\t\t\t\tjQuery(element).css('opacity', 1);\n\t\t\t\t\t\t\treturn;\n\t\t\t\t\t\t});\n\t\t\t\t\t});\n\n\t\t\t\t}, 200);\n\t\t\t<\/script>\n\n\t\t\t","protected":false},"excerpt":{"rendered":"","protected":false},"author":1,"featured_media":0,"parent":0,"menu_order":0,"comment_status":"closed","ping_status":"closed","template":"","meta":{"amp_status":"","footnotes":""},"class_list":["post-355","page","type-page","status-publish","hentry"],"_links":{"self":[{"href":"https:\/\/cultivosdeservicios.agro.uba.ar\/index.php?rest_route=\/wp\/v2\/pages\/355","targetHints":{"allow":["GET"]}}],"collection":[{"href":"https:\/\/cultivosdeservicios.agro.uba.ar\/index.php?rest_route=\/wp\/v2\/pages"}],"about":[{"href":"https:\/\/cultivosdeservicios.agro.uba.ar\/index.php?rest_route=\/wp\/v2\/types\/page"}],"author":[{"embeddable":true,"href":"https:\/\/cultivosdeservicios.agro.uba.ar\/index.php?rest_route=\/wp\/v2\/users\/1"}],"replies":[{"embeddable":true,"href":"https:\/\/cultivosdeservicios.agro.uba.ar\/index.php?rest_route=%2Fwp%2Fv2%2Fcomments&post=355"}],"version-history":[{"count":7,"href":"https:\/\/cultivosdeservicios.agro.uba.ar\/index.php?rest_route=\/wp\/v2\/pages\/355\/revisions"}],"predecessor-version":[{"id":854,"href":"https:\/\/cultivosdeservicios.agro.uba.ar\/index.php?rest_route=\/wp\/v2\/pages\/355\/revisions\/854"}],"wp:attachment":[{"href":"https:\/\/cultivosdeservicios.agro.uba.ar\/index.php?rest_route=%2Fwp%2Fv2%2Fmedia&parent=355"}],"curies":[{"name":"wp","href":"https:\/\/api.w.org\/{rel}","templated":true}]}}